{"id":4836,"date":"2025-08-29T07:55:02","date_gmt":"2025-08-29T07:55:02","guid":{"rendered":"https:\/\/care4sud.314tester.eu\/home\/"},"modified":"2025-08-29T08:05:20","modified_gmt":"2025-08-29T08:05:20","slug":"home","status":"publish","type":"page","link":"https:\/\/care4sud.314tester.eu\/sl\/","title":{"rendered":"Home"},"content":{"rendered":"\t\t<div data-elementor-type=\"wp-page\" data-elementor-id=\"4836\" class=\"elementor elementor-4836 elementor-197\" data-elementor-post-type=\"page\">\n\t\t\t\t<div class=\"elementor-element elementor-element-f3c7d13 e-flex e-con-boxed e-con e-parent\" data-id=\"f3c7d13\" data-element_type=\"container\" data-settings=\"{&quot;background_background&quot;:&quot;classic&quot;}\">\n\t\t\t\t\t<div class=\"e-con-inner\">\n\t\t\t\t<div class=\"elementor-element elementor-element-ec556b0 elementor-widget elementor-widget-image\" data-id=\"ec556b0\" data-element_type=\"widget\" data-widget_type=\"image.default\">\n\t\t\t\t<div class=\"elementor-widget-container\">\n\t\t\t\t\t\t\t\t\t\t\t\t\t\t\t\t<a href=\"https:\/\/care4sud.314tester.eu\/sl\/courses\/opremljanje-zdravstvenih-delavcev-s-kompetencami-in-tehnikami-s-podrocja-zasvojenosti\/\">\n\t\t\t\t\t\t\t<img fetchpriority=\"high\" decoding=\"async\" width=\"2001\" height=\"1458\" src=\"https:\/\/care4sud.314tester.eu\/wp-content\/uploads\/2024\/02\/hero.png\" class=\"attachment-full size-full wp-image-1592\" alt=\"\" srcset=\"https:\/\/care4sud.314tester.eu\/wp-content\/uploads\/2024\/02\/hero.png 2001w, https:\/\/care4sud.314tester.eu\/wp-content\/uploads\/2024\/02\/hero-300x219.png 300w, https:\/\/care4sud.314tester.eu\/wp-content\/uploads\/2024\/02\/hero-1024x746.png 1024w, https:\/\/care4sud.314tester.eu\/wp-content\/uploads\/2024\/02\/hero-768x560.png 768w, https:\/\/care4sud.314tester.eu\/wp-content\/uploads\/2024\/02\/hero-1536x1119.png 1536w\" sizes=\"(max-width: 2001px) 100vw, 2001px\" \/>\t\t\t\t\t\t\t\t<\/a>\n\t\t\t\t\t\t\t\t\t\t\t\t\t\t\t<\/div>\n\t\t\t\t<\/div>\n\t\t\t\t<div class=\"elementor-element elementor-element-3c0cc14 elementor-widget elementor-widget-heading\" data-id=\"3c0cc14\" data-element_type=\"widget\" data-widget_type=\"heading.default\">\n\t\t\t\t<div class=\"elementor-widget-container\">\n\t\t\t\t\t<h2 class=\"elementor-heading-title elementor-size-default\"><a href=\"https:\/\/care4sud.314tester.eu\/sl\/courses\/opremljanje-zdravstvenih-delavcev-s-kompetencami-in-tehnikami-s-podrocja-zasvojenosti\/\">Poklicno usposabljanje na podro\u010dju zasvojenosti z drogami: <br>Opremljanje zdravstvenih delavcev s kompetencami in tehnikami s podro\u010dja zasvojenosti - CARE4SUD<\/a><\/h2>\t\t\t\t<\/div>\n\t\t\t\t<\/div>\n\t\t\t\t<div class=\"elementor-element elementor-element-05b5cb0 elementor-align-center elementor-widget elementor-widget-button\" data-id=\"05b5cb0\" data-element_type=\"widget\" data-widget_type=\"button.default\">\n\t\t\t\t<div class=\"elementor-widget-container\">\n\t\t\t\t\t\t\t\t\t<div class=\"elementor-button-wrapper\">\n\t\t\t\t\t<a class=\"elementor-button elementor-button-link elementor-size-sm\" href=\"#elementor-action%3Aaction%3Dpopup%3Aopen%26settings%3DeyJpZCI6NTEwMCwidG9nZ2xlIjpmYWxzZX0%3D\">\n\t\t\t\t\t\t<span class=\"elementor-button-content-wrapper\">\n\t\t\t\t\t\t\t\t\t<span class=\"elementor-button-text\">Video uporabni\u0161kega priro\u010dnika<\/span>\n\t\t\t\t\t<\/span>\n\t\t\t\t\t<\/a>\n\t\t\t\t<\/div>\n\t\t\t\t\t\t\t\t<\/div>\n\t\t\t\t<\/div>\n\t\t\t\t<div class=\"elementor-element elementor-element-2ad204a elementor-widget elementor-widget-text-editor\" data-id=\"2ad204a\" data-element_type=\"widget\" data-widget_type=\"text-editor.default\">\n\t\t\t\t<div class=\"elementor-widget-container\">\n\t\t\t\t\t\t\t\t\t<p>\u0160tevilka projekta: 2022-1-LT01-KA220-VET-000086077<\/p>\n\t\t\t\t\t\t\t\t<\/div>\n\t\t\t\t<\/div>\n\t\t\t\t<div class=\"elementor-element elementor-element-3d157a8 elementor-view-default elementor-widget elementor-widget-icon\" data-id=\"3d157a8\" data-element_type=\"widget\" data-widget_type=\"icon.default\">\n\t\t\t\t<div class=\"elementor-widget-container\">\n\t\t\t\t\t\t\t<div class=\"elementor-icon-wrapper\">\n\t\t\t<a class=\"elementor-icon\" href=\"https:\/\/care4sud.314tester.eu\/sl\/courses\/opremljanje-zdravstvenih-delavcev-s-kompetencami-in-tehnikami-s-podrocja-zasvojenosti\/\">\n\t\t\t<svg aria-hidden=\"true\" class=\"e-font-icon-svg e-fas-sign-in-alt\" viewBox=\"0 0 512 512\" xmlns=\"http:\/\/www.w3.org\/2000\/svg\"><path d=\"M416 448h-84c-6.6 0-12-5.4-12-12v-40c0-6.6 5.4-12 12-12h84c17.7 0 32-14.3 32-32V160c0-17.7-14.3-32-32-32h-84c-6.6 0-12-5.4-12-12V76c0-6.6 5.4-12 12-12h84c53 0 96 43 96 96v192c0 53-43 96-96 96zm-47-201L201 79c-15-15-41-4.5-41 17v96H24c-13.3 0-24 10.7-24 24v96c0 13.3 10.7 24 24 24h136v96c0 21.5 26 32 41 17l168-168c9.3-9.4 9.3-24.6 0-34z\"><\/path><\/svg>\t\t\t<\/a>\n\t\t<\/div>\n\t\t\t\t\t\t<\/div>\n\t\t\t\t<\/div>\n\t\t\t\t<div class=\"elementor-element elementor-element-ba56c5d elementor-widget elementor-widget-spacer\" data-id=\"ba56c5d\" data-element_type=\"widget\" data-widget_type=\"spacer.default\">\n\t\t\t\t<div class=\"elementor-widget-container\">\n\t\t\t\t\t\t\t<div class=\"elementor-spacer\">\n\t\t\t<div class=\"elementor-spacer-inner\"><\/div>\n\t\t<\/div>\n\t\t\t\t\t\t<\/div>\n\t\t\t\t<\/div>\n\t\t\t\t\t<\/div>\n\t\t\t\t<\/div>\n\t\t\t\t<\/div>\n\t\t","protected":false},"excerpt":{"rendered":"<p>Poklicno usposabljanje na podro\u010dju zasvojenosti z drogami: Opremljanje zdravstvenih delavcev s kompetencami in tehnikami s podro\u010dja zasvojenosti &#8211; CARE4SUD Video uporabni\u0161kega priro\u010dnika \u0160tevilka projekta: 2022-1-LT01-KA220-VET-000086077<\/p>\n","protected":false},"author":1,"featured_media":0,"parent":0,"menu_order":0,"comment_status":"closed","ping_status":"closed","template":"","meta":{"footnotes":""},"class_list":["post-4836","page","type-page","status-publish","hentry"],"_links":{"self":[{"href":"https:\/\/care4sud.314tester.eu\/sl\/wp-json\/wp\/v2\/pages\/4836","targetHints":{"allow":["GET"]}}],"collection":[{"href":"https:\/\/care4sud.314tester.eu\/sl\/wp-json\/wp\/v2\/pages"}],"about":[{"href":"https:\/\/care4sud.314tester.eu\/sl\/wp-json\/wp\/v2\/types\/page"}],"author":[{"embeddable":true,"href":"https:\/\/care4sud.314tester.eu\/sl\/wp-json\/wp\/v2\/users\/1"}],"replies":[{"embeddable":true,"href":"https:\/\/care4sud.314tester.eu\/sl\/wp-json\/wp\/v2\/comments?post=4836"}],"version-history":[{"count":5,"href":"https:\/\/care4sud.314tester.eu\/sl\/wp-json\/wp\/v2\/pages\/4836\/revisions"}],"predecessor-version":[{"id":4860,"href":"https:\/\/care4sud.314tester.eu\/sl\/wp-json\/wp\/v2\/pages\/4836\/revisions\/4860"}],"wp:attachment":[{"href":"https:\/\/care4sud.314tester.eu\/sl\/wp-json\/wp\/v2\/media?parent=4836"}],"curies":[{"name":"wp","href":"https:\/\/api.w.org\/{rel}","templated":true}]}}